{"id":1251,"date":"2016-11-25T17:41:20","date_gmt":"2016-11-25T16:41:20","guid":{"rendered":"https:\/\/www.twentyonerome.com\/camere\/"},"modified":"2017-04-04T00:20:45","modified_gmt":"2017-04-03T22:20:45","slug":"zimmer-hotel-4-sterne","status":"publish","type":"page","link":"https:\/\/www.twentyonerome.com\/de\/zimmer-hotel-4-sterne\/","title":{"rendered":"Zimmer"},"content":{"rendered":"<p>Das Hotel TwentyOne hat 93 moderne, komfortable und elegante Zimmer zur Verf\u00fcgung, wo Sie f\u00fcr einen perfekten erholsamen Urlaub in der bezaubernden Ewigen Stadt, eine entspannte und einladende Atmosph\u00e4re atmen.<\/p>\n<p>Diese Zimmer, die mit Geschmack und Raffinesse eingerichtet sind, sind echte Kunstwerke: Die Liebe zum Detail, die Stil-Objekte, die raffinierte Konstruktion, die in den Mauern ausgestellten Bilder, machen diese Umgebung einzigartig in ihrem Genre.<\/p>\n<p>Die Zimmer in unserem 4-Sterne-Hotel in Rom sind mit allem Komfort und modernem Service ausgestattet, um Ihren Bed\u00fcrfnissen gerecht zu werden. Moderne M\u00f6bel nach Ma\u00df, LCD-Sat-TV, Glaswaren, Safe, Internetverbindung \u00fcber kostenloses WLAN, Minibar, Telefon und Klimaanlage.<\/p>\n<p>Die Doppelzimmer Deluxe auf der f\u00fcnften Etage, bieten einen unvergesslichen Blick auf die wichtigsten Sehensw\u00fcrdigkeiten der Stadt und haben jeweils eine eigene Terrasse; die Junior Suiten sind ger\u00e4umig und komfortabel, mit Jacuzzi, die gro\u00dfen Suiten mit Wohnzimmer sind mit zwei Badezimmern, Dusche, Bademantel und Pantoffeln ausgestattet.<\/p>\n<div class=\"service-room\">\n<div class=\"fw-col-xs-12 fw-col-md-6\">\n<h3>Komfort<\/h3>\n<ul>\n<li>Minibar<\/li>\n<li>Telefon<\/li>\n<li>gratis ADSL<\/li>\n<li>SKY Pay per View<\/li>\n<li>Satelliten-TV mit LCD-Bildschirm<\/li>\n<li>Nichtraucher-\/Raucherzimmer<\/li>\n<li>Regulierbare Klimaanlage und Heizung<\/li>\n<li>Einige Zimmer mit Terrasse<\/li>\n<li>Bad mitDusche, Courtesy Kit, F\u00f6n<\/li>\n<li>Alle Junior Suiten verf\u00fcgen \u00fcber Whirlpool<\/li>\n<li>Einige Standard- und Deluxe-Zimmer verf\u00fcgen \u00fcber eine Badewanne<\/li>\n<\/ul>\n<\/div>\n<div class=\"fw-col-xs-12 fw-col-md-6\">\n<h3>Quick Info<\/h3>\n<ul>\n<li>Rezeption 24h<\/li>\n<li>Check-In: ab 14.00 Uhr<\/li>\n<li>Check-Out: bis 11.00 Uhr<\/li>\n<li>Fr\u00fchst\u00fccksbuffet: von 7 bis 10.30 Uhr<\/li>\n<\/ul>\n<\/div>\n<\/div>\n","protected":false},"excerpt":{"rendered":"<p>Das Hotel TwentyOne hat 93 moderne, komfortable und elegante Zimmer zur Verf\u00fcgung, wo Sie f\u00fcr einen perfekten erholsamen Urlaub in der bezaubernden Ewigen Stadt, eine entspannte und einladende Atmosph\u00e4re atmen. Diese Zimmer, die mit Geschmack und Raffinesse eingerichtet sind, sind echte Kunstwerke: Die Liebe zum Detail, die Stil-Objekte, die raffinierte Konstruktion, die in den Mauern &hellip; <a href=\"https:\/\/www.twentyonerome.com\/de\/zimmer-hotel-4-sterne\/\" class=\"more-link\">Continue reading<span class=\"screen-reader-text\"> &#8222;Zimmer&#8220;<\/span><\/a><\/p>\n","protected":false},"author":1,"featured_media":0,"parent":0,"menu_order":0,"comment_status":"closed","ping_status":"closed","template":"page-template\/page-list.php","meta":{"footnotes":""},"acf":[],"_links":{"self":[{"href":"https:\/\/www.twentyonerome.com\/de\/wp-json\/wp\/v2\/pages\/1251"}],"collection":[{"href":"https:\/\/www.twentyonerome.com\/de\/wp-json\/wp\/v2\/pages"}],"about":[{"href":"https:\/\/www.twentyonerome.com\/de\/wp-json\/wp\/v2\/types\/page"}],"author":[{"embeddable":true,"href":"https:\/\/www.twentyonerome.com\/de\/wp-json\/wp\/v2\/users\/1"}],"replies":[{"embeddable":true,"href":"https:\/\/www.twentyonerome.com\/de\/wp-json\/wp\/v2\/comments?post=1251"}],"version-history":[{"count":4,"href":"https:\/\/www.twentyonerome.com\/de\/wp-json\/wp\/v2\/pages\/1251\/revisions"}],"predecessor-version":[{"id":1593,"href":"https:\/\/www.twentyonerome.com\/de\/wp-json\/wp\/v2\/pages\/1251\/revisions\/1593"}],"wp:attachment":[{"href":"https:\/\/www.twentyonerome.com\/de\/wp-json\/wp\/v2\/media?parent=1251"}],"curies":[{"name":"wp","href":"https:\/\/api.w.org\/{rel}","templated":true}]}}