{"id":1292,"date":"2017-02-14T00:52:06","date_gmt":"2017-02-13T23:52:06","guid":{"rendered":"https:\/\/www.twentyonerome.com\/camere\/suite\/"},"modified":"2017-09-20T16:01:04","modified_gmt":"2017-09-20T14:01:04","slug":"family","status":"publish","type":"page","link":"https:\/\/www.twentyonerome.com\/de\/zimmer-hotel-4-sterne\/family\/","title":{"rendered":"Family"},"content":{"rendered":"<p>Zwei Zimmer, die durch eine T\u00fcr verbunden und mit zwei Badezimmern, eines mit Badewanne und eines mit Dusche, ausgestattet sind.<\/p>\n<p>Die Zimmer sind elegant und perfekt in jedem Detail und mit allem Komfort ausgestattet, haben ma\u00dfgeschneiderte Designer-M\u00f6bel, LCD-Sat-TV, Glaswaren, Safe, kostenlosen Internetzugang \u00fcber WLAN oder LAN-Kabel, Minibar, Telefon und Klimaanlage.<\/p>\n<p><a class=\"button-style4\" href=\"https:\/\/bol.figarohdt.com\/reservation_hotel_start.htm?id_stile=12809&amp;tst_prntz=si&amp;headvar=ok&amp;lingua_int=deu&amp;id_albergo=16290&amp;dc=9447\" target=\"_blank\" rel=\"noopener noreferrer\">Verf\u00fcgbarkeit pr\u00fcfen und buchen<\/a><\/p>\n","protected":false},"excerpt":{"rendered":"<p>Zwei Zimmer, die durch eine T\u00fcr verbunden und mit zwei Badezimmern, eines mit Badewanne und eines mit Dusche, ausgestattet sind. Die Zimmer sind elegant und perfekt in jedem Detail und mit allem Komfort ausgestattet, haben ma\u00dfgeschneiderte Designer-M\u00f6bel, LCD-Sat-TV, Glaswaren, Safe, kostenlosen Internetzugang \u00fcber WLAN oder LAN-Kabel, Minibar, Telefon und Klimaanlage. Verf\u00fcgbarkeit pr\u00fcfen und buchen<\/p>\n","protected":false},"author":1,"featured_media":897,"parent":1251,"menu_order":1,"comment_status":"closed","ping_status":"closed","template":"page-template\/single-page.php","meta":{"footnotes":""},"acf":[],"_links":{"self":[{"href":"https:\/\/www.twentyonerome.com\/de\/wp-json\/wp\/v2\/pages\/1292"}],"collection":[{"href":"https:\/\/www.twentyonerome.com\/de\/wp-json\/wp\/v2\/pages"}],"about":[{"href":"https:\/\/www.twentyonerome.com\/de\/wp-json\/wp\/v2\/types\/page"}],"author":[{"embeddable":true,"href":"https:\/\/www.twentyonerome.com\/de\/wp-json\/wp\/v2\/users\/1"}],"replies":[{"embeddable":true,"href":"https:\/\/www.twentyonerome.com\/de\/wp-json\/wp\/v2\/comments?post=1292"}],"version-history":[{"count":4,"href":"https:\/\/www.twentyonerome.com\/de\/wp-json\/wp\/v2\/pages\/1292\/revisions"}],"predecessor-version":[{"id":1881,"href":"https:\/\/www.twentyonerome.com\/de\/wp-json\/wp\/v2\/pages\/1292\/revisions\/1881"}],"up":[{"embeddable":true,"href":"https:\/\/www.twentyonerome.com\/de\/wp-json\/wp\/v2\/pages\/1251"}],"wp:featuredmedia":[{"embeddable":true,"href":"https:\/\/www.twentyonerome.com\/de\/wp-json\/wp\/v2\/media\/897"}],"wp:attachment":[{"href":"https:\/\/www.twentyonerome.com\/de\/wp-json\/wp\/v2\/media?parent=1292"}],"curies":[{"name":"wp","href":"https:\/\/api.w.org\/{rel}","templated":true}]}}