{"id":1305,"date":"2017-02-14T00:47:43","date_gmt":"2017-02-13T23:47:43","guid":{"rendered":"https:\/\/www.twentyonerome.com\/camere\/deluxe\/"},"modified":"2017-04-04T00:52:39","modified_gmt":"2017-04-03T22:52:39","slug":"deluxe","status":"publish","type":"page","link":"https:\/\/www.twentyonerome.com\/de\/zimmer-hotel-4-sterne\/deluxe\/","title":{"rendered":"Deluxe"},"content":{"rendered":"<p>Die Deluxe-Zimmer auf der f\u00fcnften Etage, genie\u00dfen einen unvergleichlichen Blick auf die wichtigsten Sehensw\u00fcrdigkeiten der Stadt und haben jeweils eine eigene Terrasse und ein Doppelbett oder zwei Einzelbetten.<\/p>\n<p>Die Zimmer sind elegant und perfekt in jedem Detail und mit allem Komfort ausgestattet, haben ma\u00dfgeschneiderte Designer-M\u00f6bel, LCD-Sat-TV, Glaswaren, Safe, kostenlosen Internetzugang \u00fcber WLAN oder LAN-Kabel, Minibar, Telefon und Klimaanlage.<\/p>\n<p><a class=\"button-style4\" href=\"https:\/\/bol.figarohdt.com\/reservation_hotel_start.htm?id_stile=12809&amp;tst_prntz=si&amp;headvar=ok&amp;lingua_int=deu&amp;id_albergo=16290&amp;dc=9447\" target=\"_blank\">Verf\u00fcgbarkeit pr\u00fcfen und buchen<\/a><\/p>\n","protected":false},"excerpt":{"rendered":"<p>Die Deluxe-Zimmer auf der f\u00fcnften Etage, genie\u00dfen einen unvergleichlichen Blick auf die wichtigsten Sehensw\u00fcrdigkeiten der Stadt und haben jeweils eine eigene Terrasse und ein Doppelbett oder zwei Einzelbetten. Die Zimmer sind elegant und perfekt in jedem Detail und mit allem Komfort ausgestattet, haben ma\u00dfgeschneiderte Designer-M\u00f6bel, LCD-Sat-TV, Glaswaren, Safe, kostenlosen Internetzugang \u00fcber WLAN oder LAN-Kabel, Minibar, &hellip; <a href=\"https:\/\/www.twentyonerome.com\/de\/zimmer-hotel-4-sterne\/deluxe\/\" class=\"more-link\">Continue reading<span class=\"screen-reader-text\"> &#8222;Deluxe&#8220;<\/span><\/a><\/p>\n","protected":false},"author":1,"featured_media":800,"parent":1251,"menu_order":3,"comment_status":"closed","ping_status":"closed","template":"page-template\/single-page.php","meta":{"footnotes":""},"acf":[],"_links":{"self":[{"href":"https:\/\/www.twentyonerome.com\/de\/wp-json\/wp\/v2\/pages\/1305"}],"collection":[{"href":"https:\/\/www.twentyonerome.com\/de\/wp-json\/wp\/v2\/pages"}],"about":[{"href":"https:\/\/www.twentyonerome.com\/de\/wp-json\/wp\/v2\/types\/page"}],"author":[{"embeddable":true,"href":"https:\/\/www.twentyonerome.com\/de\/wp-json\/wp\/v2\/users\/1"}],"replies":[{"embeddable":true,"href":"https:\/\/www.twentyonerome.com\/de\/wp-json\/wp\/v2\/comments?post=1305"}],"version-history":[{"count":3,"href":"https:\/\/www.twentyonerome.com\/de\/wp-json\/wp\/v2\/pages\/1305\/revisions"}],"predecessor-version":[{"id":1612,"href":"https:\/\/www.twentyonerome.com\/de\/wp-json\/wp\/v2\/pages\/1305\/revisions\/1612"}],"up":[{"embeddable":true,"href":"https:\/\/www.twentyonerome.com\/de\/wp-json\/wp\/v2\/pages\/1251"}],"wp:featuredmedia":[{"embeddable":true,"href":"https:\/\/www.twentyonerome.com\/de\/wp-json\/wp\/v2\/media\/800"}],"wp:attachment":[{"href":"https:\/\/www.twentyonerome.com\/de\/wp-json\/wp\/v2\/media?parent=1305"}],"curies":[{"name":"wp","href":"https:\/\/api.w.org\/{rel}","templated":true}]}}