{"id":1331,"date":"2017-02-14T00:45:42","date_gmt":"2017-02-13T23:45:42","guid":{"rendered":"https:\/\/www.twentyonerome.com\/camere\/matrimoniale\/"},"modified":"2017-04-04T01:23:51","modified_gmt":"2017-04-03T23:23:51","slug":"doppelzimmer-mit-doppelbett","status":"publish","type":"page","link":"https:\/\/www.twentyonerome.com\/de\/zimmer-hotel-4-sterne\/doppelzimmer-mit-doppelbett\/","title":{"rendered":"Doppelzimmer mit Doppelbett"},"content":{"rendered":"<p>Standard-Zimmer mit Doppelbett.<\/p>\n<p>Die Zimmer sind elegant und perfekt in jedem Detail und mit allem Komfort ausgestattet, haben ma\u00dfgeschneiderte Designer-M\u00f6bel, LCD-Sat-TV, Glaswaren, Safe, kostenlosen Internetzugang \u00fcber WLAN oder LAN-Kabel, Minibar, Telefon und Klimaanlage.<\/p>\n<p><a class=\"button-style4\" href=\"https:\/\/bol.figarohdt.com\/reservation_hotel_start.htm?id_stile=12809&amp;tst_prntz=si&amp;headvar=ok&amp;lingua_int=deu&amp;id_albergo=16290&amp;dc=9447\" target=\"_blank\">Verf\u00fcgbarkeit pr\u00fcfen und buchen<\/a><\/p>\n","protected":false},"excerpt":{"rendered":"<p>Standard-Zimmer mit Doppelbett. Die Zimmer sind elegant und perfekt in jedem Detail und mit allem Komfort ausgestattet, haben ma\u00dfgeschneiderte Designer-M\u00f6bel, LCD-Sat-TV, Glaswaren, Safe, kostenlosen Internetzugang \u00fcber WLAN oder LAN-Kabel, Minibar, Telefon und Klimaanlage. Verf\u00fcgbarkeit pr\u00fcfen und buchen<\/p>\n","protected":false},"author":1,"featured_media":818,"parent":1251,"menu_order":5,"comment_status":"closed","ping_status":"closed","template":"page-template\/single-page.php","meta":{"footnotes":""},"acf":[],"_links":{"self":[{"href":"https:\/\/www.twentyonerome.com\/de\/wp-json\/wp\/v2\/pages\/1331"}],"collection":[{"href":"https:\/\/www.twentyonerome.com\/de\/wp-json\/wp\/v2\/pages"}],"about":[{"href":"https:\/\/www.twentyonerome.com\/de\/wp-json\/wp\/v2\/types\/page"}],"author":[{"embeddable":true,"href":"https:\/\/www.twentyonerome.com\/de\/wp-json\/wp\/v2\/users\/1"}],"replies":[{"embeddable":true,"href":"https:\/\/www.twentyonerome.com\/de\/wp-json\/wp\/v2\/comments?post=1331"}],"version-history":[{"count":7,"href":"https:\/\/www.twentyonerome.com\/de\/wp-json\/wp\/v2\/pages\/1331\/revisions"}],"predecessor-version":[{"id":1631,"href":"https:\/\/www.twentyonerome.com\/de\/wp-json\/wp\/v2\/pages\/1331\/revisions\/1631"}],"up":[{"embeddable":true,"href":"https:\/\/www.twentyonerome.com\/de\/wp-json\/wp\/v2\/pages\/1251"}],"wp:featuredmedia":[{"embeddable":true,"href":"https:\/\/www.twentyonerome.com\/de\/wp-json\/wp\/v2\/media\/818"}],"wp:attachment":[{"href":"https:\/\/www.twentyonerome.com\/de\/wp-json\/wp\/v2\/media?parent=1331"}],"curies":[{"name":"wp","href":"https:\/\/api.w.org\/{rel}","templated":true}]}}