{"id":1396,"date":"2017-02-14T00:12:29","date_gmt":"2017-02-13T23:12:29","guid":{"rendered":"https:\/\/www.twentyonerome.com\/ristorante\/"},"modified":"2024-01-05T10:37:01","modified_gmt":"2024-01-05T09:37:01","slug":"restaurant-roma-bistro21","status":"publish","type":"page","link":"https:\/\/www.twentyonerome.com\/de\/restaurant-roma-bistro21\/","title":{"rendered":"BISTRO 21, EIN MODERNES RESTAURANT MIT KLASSE IN DER ALTSTADT VON ROM"},"content":{"rendered":"<p>Im Bistro 21 werden wir auch die raffiniertesten Gaumen zufriedenstellen. Jeden Tag bereitet unser K\u00fcchenchef mit Leidenschaft und Professionalit\u00e4t frische und schmackhafte Gerichte, mit ausgew\u00e4hlten Produkten und Top-Qualit\u00e4t zu.<\/p>\n<p>Zum Abendessen bietet das Men\u00fc des Restaurants ein abwechslungsreiches kulinarisches Angebot, wo traditionelle Gerichte mit den anspruchsvollsten internationalen Geschmacksnoten kombiniert werden, um echte Spezialit\u00e4ten auf den Tisch zu bringen.<\/p>\n<p>Sie werden die Gerichte mit einer gro\u00dfen Auswahl an Weinen der erlesensten Etiketten begleiten k\u00f6nnen, um immer f\u00fcr hochwertige Produkte garantieren zu k\u00f6nnen.<br \/>\nDas Bistro 21 ist ideal f\u00fcr ein Mittagessen oder einen Snack vor dem Einkauf oder einen Besuch in der Ewigen Stadt. Jeden Tag von 12.00 bis 15.00 Uhr erwarten wir Sie mit einem reichhaltigen und leckeren Buffet.<\/p>\n<p>Versuchen Sie die reichhaltigen und leckeren Aperitif-H\u00e4ppchen von Bistro 21, wir werden sie nach Ihren Bed\u00fcrfnissen zusammenstellen. Getr\u00e4nke, Cocktails, Weine, um k\u00f6stliche Vorspeisen und leichte Snacks zu begleiten.<\/p>\n<div class=\"clearfix\"><\/div>\n<h4 class=\"heading-decor\">W\u00c4HLEN SIE DIE NUMMER +39 06 32609607<\/h4>\n","protected":false},"excerpt":{"rendered":"<p>Im Bistro 21 werden wir auch die raffiniertesten Gaumen zufriedenstellen. Jeden Tag bereitet unser K\u00fcchenchef mit Leidenschaft und Professionalit\u00e4t frische und schmackhafte Gerichte, mit ausgew\u00e4hlten Produkten und Top-Qualit\u00e4t zu. Zum Abendessen bietet das Men\u00fc des Restaurants ein abwechslungsreiches kulinarisches Angebot, wo traditionelle Gerichte mit den anspruchsvollsten internationalen Geschmacksnoten kombiniert werden, um echte Spezialit\u00e4ten auf den &hellip; <a href=\"https:\/\/www.twentyonerome.com\/de\/restaurant-roma-bistro21\/\" class=\"more-link\">Continue reading<span class=\"screen-reader-text\"> &#8222;BISTRO 21, EIN MODERNES RESTAURANT MIT KLASSE IN DER ALTSTADT VON ROM&#8220;<\/span><\/a><\/p>\n","protected":false},"author":1,"featured_media":2231,"parent":0,"menu_order":0,"comment_status":"closed","ping_status":"closed","template":"page-template\/ristorante.php","meta":{"footnotes":""},"acf":[],"_links":{"self":[{"href":"https:\/\/www.twentyonerome.com\/de\/wp-json\/wp\/v2\/pages\/1396"}],"collection":[{"href":"https:\/\/www.twentyonerome.com\/de\/wp-json\/wp\/v2\/pages"}],"about":[{"href":"https:\/\/www.twentyonerome.com\/de\/wp-json\/wp\/v2\/types\/page"}],"author":[{"embeddable":true,"href":"https:\/\/www.twentyonerome.com\/de\/wp-json\/wp\/v2\/users\/1"}],"replies":[{"embeddable":true,"href":"https:\/\/www.twentyonerome.com\/de\/wp-json\/wp\/v2\/comments?post=1396"}],"version-history":[{"count":3,"href":"https:\/\/www.twentyonerome.com\/de\/wp-json\/wp\/v2\/pages\/1396\/revisions"}],"predecessor-version":[{"id":2223,"href":"https:\/\/www.twentyonerome.com\/de\/wp-json\/wp\/v2\/pages\/1396\/revisions\/2223"}],"wp:featuredmedia":[{"embeddable":true,"href":"https:\/\/www.twentyonerome.com\/de\/wp-json\/wp\/v2\/media\/2231"}],"wp:attachment":[{"href":"https:\/\/www.twentyonerome.com\/de\/wp-json\/wp\/v2\/media?parent=1396"}],"curies":[{"name":"wp","href":"https:\/\/api.w.org\/{rel}","templated":true}]}}