{"id":916,"date":"2016-11-23T11:53:09","date_gmt":"2016-11-23T10:53:09","guid":{"rendered":"https:\/\/www.twentyonerome.com\/pagina-di-esempio\/"},"modified":"2017-04-10T10:05:04","modified_gmt":"2017-04-10T08:05:04","slug":"twenty-one-4-sterne-hotel-rom","status":"publish","type":"page","link":"https:\/\/www.twentyonerome.com\/de\/","title":{"rendered":"TWENTY ONE, 4 STERNE HOTEL ROM"},"content":{"rendered":"<h2 class=\"style2\">Eine unvergessliche Erfahrung im Herzen Roms<\/h2>\n<p>Das Hotel TwentyOne ist ein modernes 4-Sterne-Hotel im Herzen von Rom und ist der ideale Ort f\u00fcr einen unvergesslichen Aufenthalt in der Ewigen Stadt.<\/p>\n<p>Unser Hotel liegt in einer der begehrtesten Ecken der Hauptstadt und ist von einem modernen und eleganten Dekor, einer gem\u00fctlichen und komfortablen Umgebung und einer famili\u00e4ren Atmosph\u00e4re gekennzeichnet. Das Hotel TwentyOne verf\u00fcgt \u00fcber 93 Zimmer, die bis ins Detail eingerichtet und mit allen Annehmlichkeiten ausgestattet sind, um Ihren Bed\u00fcrfnissen gerecht zu werden.<\/p>\n<p>Unser 4-Sterne-Hotel in Rom ist nur einen Katzensprung von St. Peter entfernt, mit einem malerischen Blick auf den Pincio und die Kuppel von St. Peter und befindet sich in einer strategisch g\u00fcnstigen Lage, um bequem alle Sehensw\u00fcrdigkeiten in der Stadt zu erreichen. Vom Hotel TwentyOne aus k\u00f6nnen Sie bequem zu Fu\u00df die ber\u00fchmten Sch\u00f6nheiten von Rom besichtigen, von den Vatikanischen Museen bis hin zur Spanischen Treppe, der Piazza Navona und dem Trevi-Brunnen mit einzigartigen Routen durch Kunst, Geschichte und Kultur. Dank der nahe gelegenen U-Bahn-Station k\u00f6nnen Sie leicht und sehr schnell zu den schicksten Stra\u00dfen der Hauptstadt gelangen, f\u00fcr eine exklusive Shopping-Tour in den Boutiquen von Rom.<\/p>\n<p>Was auch immer der Grund f\u00fcr Ihre Reise ist, egal, ob Urlaub, Freizeit und Vergn\u00fcgen oder Gesch\u00e4ftsreise, das Hotel TwentyOne ist die richtige Wahl, in Rom in v\u00f6lliger Entspannung zu \u00fcbernachten.<\/p>\n","protected":false},"excerpt":{"rendered":"<p>Eine unvergessliche Erfahrung im Herzen Roms Das Hotel TwentyOne ist ein modernes 4-Sterne-Hotel im Herzen von Rom und ist der ideale Ort f\u00fcr einen unvergesslichen Aufenthalt in der Ewigen Stadt. Unser Hotel liegt in einer der begehrtesten Ecken der Hauptstadt und ist von einem modernen und eleganten Dekor, einer gem\u00fctlichen und komfortablen Umgebung und einer &hellip; <a href=\"https:\/\/www.twentyonerome.com\/de\/\" class=\"more-link\">Continue reading<span class=\"screen-reader-text\"> &#8222;TWENTY ONE, 4 STERNE HOTEL ROM&#8220;<\/span><\/a><\/p>\n","protected":false},"author":1,"featured_media":0,"parent":0,"menu_order":0,"comment_status":"closed","ping_status":"open","template":"page-template\/home.php","meta":{"footnotes":""},"acf":[],"_links":{"self":[{"href":"https:\/\/www.twentyonerome.com\/de\/wp-json\/wp\/v2\/pages\/916"}],"collection":[{"href":"https:\/\/www.twentyonerome.com\/de\/wp-json\/wp\/v2\/pages"}],"about":[{"href":"https:\/\/www.twentyonerome.com\/de\/wp-json\/wp\/v2\/types\/page"}],"author":[{"embeddable":true,"href":"https:\/\/www.twentyonerome.com\/de\/wp-json\/wp\/v2\/users\/1"}],"replies":[{"embeddable":true,"href":"https:\/\/www.twentyonerome.com\/de\/wp-json\/wp\/v2\/comments?post=916"}],"version-history":[{"count":3,"href":"https:\/\/www.twentyonerome.com\/de\/wp-json\/wp\/v2\/pages\/916\/revisions"}],"predecessor-version":[{"id":1842,"href":"https:\/\/www.twentyonerome.com\/de\/wp-json\/wp\/v2\/pages\/916\/revisions\/1842"}],"wp:attachment":[{"href":"https:\/\/www.twentyonerome.com\/de\/wp-json\/wp\/v2\/media?parent=916"}],"curies":[{"name":"wp","href":"https:\/\/api.w.org\/{rel}","templated":true}]}}