{"id":1113,"date":"2017-03-08T02:13:49","date_gmt":"2017-03-08T01:13:49","guid":{"rendered":"https:\/\/www.twentyonerome.com\/trinita-dei-monti-e-la-scalinata-di-piazza-di-spagna\/"},"modified":"2017-04-04T02:24:37","modified_gmt":"2017-04-04T00:24:37","slug":"hotel-piazza-di-spagna","status":"publish","type":"page","link":"https:\/\/www.twentyonerome.com\/es\/descubrir-roma\/hotel-piazza-di-spagna\/","title":{"rendered":"PIAZZA DI SPAGNA Y TRINIT\u00c0 DEI MONTI"},"content":{"rendered":"<p>Piazza di Spagna (Plaza de Espa\u00f1a) es seguramente una de las m\u00e1s famosas plazas de Roma, entre las m\u00e1s c\u00e9lebres del mundo. El nombre deriva de la presencia del palacio de Espa\u00f1a, sede de la embajada del estado ib\u00e9rico ante la Santa Sede.<\/p>\n<p>En el centro de la plaza se encuentra la renombrada fuente de la Barcaccia, esculpida por Pietro Bernini y su hijo Gian Lorenzo.<br \/>\nA los pies de la colina del Pincio, Piazza di Spagna siempre ha representado el centro de la vida cultural y tur\u00edstica de Roma, y no casualmente muchas griffes de alta moda han elegido abrir sus stores exactamente aqu\u00ed.<\/p>\n<p>La plaza es dominada por la iglesia de la SS. Trinit\u00e0 dei Monti (Trinidad de los Montes) y conectada por la famos\u00edsima escalinata que tiene su mismo nombre, realizada entre 1723 y 1726 en base a un proyecto del arquitecto romano Francesco De Sanctis.<\/p>\n<p>Piazza di Spagna, la escalinata y la iglesia de Trinit\u00e0 dei Monti constituyen una escenograf\u00eda \u00fanica en el mundo, una postal s\u00edmbolo de la ciudad de Roma. Elegante y sugestiva, se caracteriza por una atm\u00f3sfera refinada y setecientesca, y representa un patrimonio cultural de inestimable valor.<\/p>\n","protected":false},"excerpt":{"rendered":"<p>Piazza di Spagna (Plaza de Espa\u00f1a) es seguramente una de las m\u00e1s famosas plazas de Roma, entre las m\u00e1s c\u00e9lebres del mundo. El nombre deriva de la presencia del palacio de Espa\u00f1a, sede de la embajada del estado ib\u00e9rico ante la Santa Sede. En el centro de la plaza se encuentra la renombrada fuente de &hellip; <a href=\"https:\/\/www.twentyonerome.com\/es\/descubrir-roma\/hotel-piazza-di-spagna\/\" class=\"more-link\">Continue reading<span class=\"screen-reader-text\"> \u00abPIAZZA DI SPAGNA Y TRINIT\u00c0 DEI MONTI\u00bb<\/span><\/a><\/p>\n","protected":false},"author":1,"featured_media":617,"parent":1142,"menu_order":0,"comment_status":"closed","ping_status":"closed","template":"","meta":{"footnotes":""},"acf":[],"_links":{"self":[{"href":"https:\/\/www.twentyonerome.com\/es\/wp-json\/wp\/v2\/pages\/1113"}],"collection":[{"href":"https:\/\/www.twentyonerome.com\/es\/wp-json\/wp\/v2\/pages"}],"about":[{"href":"https:\/\/www.twentyonerome.com\/es\/wp-json\/wp\/v2\/types\/page"}],"author":[{"embeddable":true,"href":"https:\/\/www.twentyonerome.com\/es\/wp-json\/wp\/v2\/users\/1"}],"replies":[{"embeddable":true,"href":"https:\/\/www.twentyonerome.com\/es\/wp-json\/wp\/v2\/comments?post=1113"}],"version-history":[{"count":2,"href":"https:\/\/www.twentyonerome.com\/es\/wp-json\/wp\/v2\/pages\/1113\/revisions"}],"predecessor-version":[{"id":1677,"href":"https:\/\/www.twentyonerome.com\/es\/wp-json\/wp\/v2\/pages\/1113\/revisions\/1677"}],"up":[{"embeddable":true,"href":"https:\/\/www.twentyonerome.com\/es\/wp-json\/wp\/v2\/pages\/1142"}],"wp:featuredmedia":[{"embeddable":true,"href":"https:\/\/www.twentyonerome.com\/es\/wp-json\/wp\/v2\/media\/617"}],"wp:attachment":[{"href":"https:\/\/www.twentyonerome.com\/es\/wp-json\/wp\/v2\/media?parent=1113"}],"curies":[{"name":"wp","href":"https:\/\/api.w.org\/{rel}","templated":true}]}}