{"id":1250,"date":"2016-11-25T17:41:20","date_gmt":"2016-11-25T16:41:20","guid":{"rendered":"https:\/\/www.twentyonerome.com\/camere\/"},"modified":"2017-04-04T00:29:25","modified_gmt":"2017-04-03T22:29:25","slug":"habitaciones-hotel-4-estrellas","status":"publish","type":"page","link":"https:\/\/www.twentyonerome.com\/es\/habitaciones-hotel-4-estrellas\/","title":{"rendered":"HABITACIONES"},"content":{"rendered":"<p>El Hotel Twenty One dispone de 93 habitaciones modernas, confortables y elegantes, donde respirar\u00e1 una atm\u00f3sfera relajante y acogedora para vivir una estad\u00eda en total relax en la encantadora ciudad eterna.<\/p>\n<p>Estas habitaciones est\u00e1n decoradas con gusto y elegancia y son verdaderas obras de arte: el cuidado de los detalles, los objetos de estilo, el dise\u00f1o refinado, las telas expuestas en las paredes, hacen estos ambientes \u00fanicos en su g\u00e9nero.<\/p>\n<p>Las habitaciones de nuestro hotel 4 estrellas en Roma est\u00e1n dotadas de todos los conforts y los servicios m\u00e1s a la vanguardia para satisfacer sus exigencias. Muebles modernos realizados a medida, TV LCD con canales satelitales, cristaler\u00eda, cajafuerte, conexi\u00f3n a internet mediante WiFi gratuita, minibar, tel\u00e9fono y aire acondicionado.<\/p>\n<p>Las habitaciones dobles Deluxe, situadas en el quinto piso, ofrecen una inolvidable vista sobre los principales monumentos de la ciudad y cada una dispone de terraza privada; las junior suites, espaciosas y acogedoras, con ba\u00f1era de hidromasaje Jacuzzi, las amplias suites con sala de estar, disponen de dos ba\u00f1os, ducha, albornoz y pantuflas.<\/p>\n<div class=\"service-room\">\n<div class=\"fw-col-xs-12 fw-col-md-6\">\n<h3>Comfort<\/h3>\n<ul>\n<li>Frigobar<\/li>\n<li>Tel\u00e9fono<\/li>\n<li>ADSL gratuito<\/li>\n<li>SKY Pay per View<\/li>\n<li>Tv sat con pantalla lcd<\/li>\n<li>Habitaciones para no fumadores\/fumadores<\/li>\n<li>Aire acondicionado y calefacci\u00f3n regulables<\/li>\n<li>Algunas habitaciones con terraza<\/li>\n<li>Ba\u00f1o con ducha, kit de cortes\u00eda, secador de pelo<\/li>\n<li>Todas las junior suites disponen de hidromasaje<\/li>\n<li>Algunas habitaciones est\u00e1ndar y deluxe disponen de ba\u00f1era<\/li>\n<\/ul>\n<\/div>\n<div class=\"fw-col-xs-12 fw-col-md-6\">\n<h3>Quick Info<\/h3>\n<ul>\n<li>Recepci\u00f3n 24 h<\/li>\n<li>Check-In: a partir de las 14.00<\/li>\n<li>Check-Out: dentro de las 11.00<\/li>\n<li>Desayuno a buffet: de 7 a 10.30<\/li>\n<\/ul>\n<\/div>\n<\/div>\n","protected":false},"excerpt":{"rendered":"<p>El Hotel Twenty One dispone de 93 habitaciones modernas, confortables y elegantes, donde respirar\u00e1 una atm\u00f3sfera relajante y acogedora para vivir una estad\u00eda en total relax en la encantadora ciudad eterna. Estas habitaciones est\u00e1n decoradas con gusto y elegancia y son verdaderas obras de arte: el cuidado de los detalles, los objetos de estilo, el &hellip; <a href=\"https:\/\/www.twentyonerome.com\/es\/habitaciones-hotel-4-estrellas\/\" class=\"more-link\">Continue reading<span class=\"screen-reader-text\"> \u00abHABITACIONES\u00bb<\/span><\/a><\/p>\n","protected":false},"author":1,"featured_media":0,"parent":0,"menu_order":0,"comment_status":"closed","ping_status":"closed","template":"page-template\/page-list.php","meta":{"footnotes":""},"acf":[],"_links":{"self":[{"href":"https:\/\/www.twentyonerome.com\/es\/wp-json\/wp\/v2\/pages\/1250"}],"collection":[{"href":"https:\/\/www.twentyonerome.com\/es\/wp-json\/wp\/v2\/pages"}],"about":[{"href":"https:\/\/www.twentyonerome.com\/es\/wp-json\/wp\/v2\/types\/page"}],"author":[{"embeddable":true,"href":"https:\/\/www.twentyonerome.com\/es\/wp-json\/wp\/v2\/users\/1"}],"replies":[{"embeddable":true,"href":"https:\/\/www.twentyonerome.com\/es\/wp-json\/wp\/v2\/comments?post=1250"}],"version-history":[{"count":5,"href":"https:\/\/www.twentyonerome.com\/es\/wp-json\/wp\/v2\/pages\/1250\/revisions"}],"predecessor-version":[{"id":1595,"href":"https:\/\/www.twentyonerome.com\/es\/wp-json\/wp\/v2\/pages\/1250\/revisions\/1595"}],"wp:attachment":[{"href":"https:\/\/www.twentyonerome.com\/es\/wp-json\/wp\/v2\/media?parent=1250"}],"curies":[{"name":"wp","href":"https:\/\/api.w.org\/{rel}","templated":true}]}}