{"id":1333,"date":"2017-02-14T00:45:42","date_gmt":"2017-02-13T23:45:42","guid":{"rendered":"https:\/\/www.twentyonerome.com\/camere\/matrimoniale\/"},"modified":"2017-04-04T01:24:30","modified_gmt":"2017-04-03T23:24:30","slug":"matrimonial","status":"publish","type":"page","link":"https:\/\/www.twentyonerome.com\/es\/habitaciones-hotel-4-estrellas\/matrimonial\/","title":{"rendered":"Matrimonial"},"content":{"rendered":"<p>Habitaci\u00f3n est\u00e1ndar con cama matrimonial.<\/p>\n<p>Las habitaciones, elegantes y cuidadas en cada detalle, disponen de todos los conforts, muebles de dise\u00f1o realizados a medida, TV LCD con canales satelitales, cristaler\u00eda, cajafuerte, conexi\u00f3n gratuita a internet mediante wifi o cable lan, minibar, tel\u00e9fono y aire acondicionado<\/p>\n<p><a class=\"button-style4\" href=\"https:\/\/bol.figarohdt.com\/reservation_hotel_start.htm?id_stile=12809&amp;tst_prntz=si&amp;headvar=ok&amp;lingua_int=esp&amp;id_albergo=16290&amp;dc=9447\" target=\"_blank\">Disponibilidad y reserva<\/a><\/p>\n","protected":false},"excerpt":{"rendered":"<p>Habitaci\u00f3n est\u00e1ndar con cama matrimonial. Las habitaciones, elegantes y cuidadas en cada detalle, disponen de todos los conforts, muebles de dise\u00f1o realizados a medida, TV LCD con canales satelitales, cristaler\u00eda, cajafuerte, conexi\u00f3n gratuita a internet mediante wifi o cable lan, minibar, tel\u00e9fono y aire acondicionado Disponibilidad y reserva<\/p>\n","protected":false},"author":1,"featured_media":820,"parent":1250,"menu_order":5,"comment_status":"closed","ping_status":"closed","template":"page-template\/single-page.php","meta":{"footnotes":""},"acf":[],"_links":{"self":[{"href":"https:\/\/www.twentyonerome.com\/es\/wp-json\/wp\/v2\/pages\/1333"}],"collection":[{"href":"https:\/\/www.twentyonerome.com\/es\/wp-json\/wp\/v2\/pages"}],"about":[{"href":"https:\/\/www.twentyonerome.com\/es\/wp-json\/wp\/v2\/types\/page"}],"author":[{"embeddable":true,"href":"https:\/\/www.twentyonerome.com\/es\/wp-json\/wp\/v2\/users\/1"}],"replies":[{"embeddable":true,"href":"https:\/\/www.twentyonerome.com\/es\/wp-json\/wp\/v2\/comments?post=1333"}],"version-history":[{"count":3,"href":"https:\/\/www.twentyonerome.com\/es\/wp-json\/wp\/v2\/pages\/1333\/revisions"}],"predecessor-version":[{"id":1632,"href":"https:\/\/www.twentyonerome.com\/es\/wp-json\/wp\/v2\/pages\/1333\/revisions\/1632"}],"up":[{"embeddable":true,"href":"https:\/\/www.twentyonerome.com\/es\/wp-json\/wp\/v2\/pages\/1250"}],"wp:featuredmedia":[{"embeddable":true,"href":"https:\/\/www.twentyonerome.com\/es\/wp-json\/wp\/v2\/media\/820"}],"wp:attachment":[{"href":"https:\/\/www.twentyonerome.com\/es\/wp-json\/wp\/v2\/media?parent=1333"}],"curies":[{"name":"wp","href":"https:\/\/api.w.org\/{rel}","templated":true}]}}