{"id":1398,"date":"2017-02-14T00:12:29","date_gmt":"2017-02-13T23:12:29","guid":{"rendered":"https:\/\/www.twentyonerome.com\/ristorante\/"},"modified":"2024-01-05T10:38:37","modified_gmt":"2024-01-05T09:38:37","slug":"restaurante-roma-bistro21","status":"publish","type":"page","link":"https:\/\/www.twentyonerome.com\/es\/restaurante-roma-bistro21\/","title":{"rendered":"BISTRO 21, UN RESTAURANTE MODERNO Y DE CLASE EN EL CENTRO HIST\u00d3RICO DE ROMA"},"content":{"rendered":"<p>En el Bistro 21 sabremos satisfacer incluso los paladares m\u00e1s refinados. Cada d\u00eda nuestro chef prepara con pasi\u00f3n y profesionalidad platos frescos y gustosos, con productos seleccionados y de primera calidad.<\/p>\n<p>Para la cena el men\u00fa de nuestro restaurante ofrece una propuesta culinaria muy variada, donde los sabores de la tradici\u00f3n se conjugan con los internacionales m\u00e1s refinados para llevar a las mesas verdaderas especialidades.<\/p>\n<p>Podr\u00e1 acompa\u00f1ar los platos con una amplia selecci\u00f3n de vinos de las mejores etiquetas, para garantizarle siempre productos de primera calidad.<br \/>\nEl Bistro 21 es ideal para un almuerzo o un tentempi\u00e9 antes del shopping o de sus visitas a la ciudad eterna. Cada d\u00eda de 12:00 a 15:00 le esperamos con un buffet rico y gustoso.<\/p>\n<p>Pruebe los ricos y gustosos aperitivos del Bistro 21, los prepararemos juntos seg\u00fan sus exigencias. Drinks, c\u00f3cteles, vinos para acompa\u00f1ar unos exquisitos piqueos y snacks ligeros.<\/p>\n<div class=\"clearfix\"><\/div>\n<h4 class=\"heading-decor\">LLAME EL +39 06 32609607<\/h4>\n","protected":false},"excerpt":{"rendered":"<p>En el Bistro 21 sabremos satisfacer incluso los paladares m\u00e1s refinados. Cada d\u00eda nuestro chef prepara con pasi\u00f3n y profesionalidad platos frescos y gustosos, con productos seleccionados y de primera calidad. Para la cena el men\u00fa de nuestro restaurante ofrece una propuesta culinaria muy variada, donde los sabores de la tradici\u00f3n se conjugan con los &hellip; <a href=\"https:\/\/www.twentyonerome.com\/es\/restaurante-roma-bistro21\/\" class=\"more-link\">Continue reading<span class=\"screen-reader-text\"> \u00abBISTRO 21, UN RESTAURANTE MODERNO Y DE CLASE EN EL CENTRO HIST\u00d3RICO DE ROMA\u00bb<\/span><\/a><\/p>\n","protected":false},"author":1,"featured_media":2232,"parent":0,"menu_order":0,"comment_status":"closed","ping_status":"closed","template":"page-template\/ristorante.php","meta":{"footnotes":""},"acf":[],"_links":{"self":[{"href":"https:\/\/www.twentyonerome.com\/es\/wp-json\/wp\/v2\/pages\/1398"}],"collection":[{"href":"https:\/\/www.twentyonerome.com\/es\/wp-json\/wp\/v2\/pages"}],"about":[{"href":"https:\/\/www.twentyonerome.com\/es\/wp-json\/wp\/v2\/types\/page"}],"author":[{"embeddable":true,"href":"https:\/\/www.twentyonerome.com\/es\/wp-json\/wp\/v2\/users\/1"}],"replies":[{"embeddable":true,"href":"https:\/\/www.twentyonerome.com\/es\/wp-json\/wp\/v2\/comments?post=1398"}],"version-history":[{"count":3,"href":"https:\/\/www.twentyonerome.com\/es\/wp-json\/wp\/v2\/pages\/1398\/revisions"}],"predecessor-version":[{"id":2224,"href":"https:\/\/www.twentyonerome.com\/es\/wp-json\/wp\/v2\/pages\/1398\/revisions\/2224"}],"wp:featuredmedia":[{"embeddable":true,"href":"https:\/\/www.twentyonerome.com\/es\/wp-json\/wp\/v2\/media\/2232"}],"wp:attachment":[{"href":"https:\/\/www.twentyonerome.com\/es\/wp-json\/wp\/v2\/media?parent=1398"}],"curies":[{"name":"wp","href":"https:\/\/api.w.org\/{rel}","templated":true}]}}