{"id":1110,"date":"2017-03-08T02:13:49","date_gmt":"2017-03-08T01:13:49","guid":{"rendered":"https:\/\/www.twentyonerome.com\/trinita-dei-monti-e-la-scalinata-di-piazza-di-spagna\/"},"modified":"2017-04-07T00:36:29","modified_gmt":"2017-04-06T22:36:29","slug":"trinita-dei-monti-e-la-scalinata-di-piazza-di-spagna","status":"publish","type":"page","link":"https:\/\/www.twentyonerome.com\/fr\/la-citta\/trinita-dei-monti-e-la-scalinata-di-piazza-di-spagna\/","title":{"rendered":"La Place d\u2019Espagne et la Trinit\u00e9 des Monts"},"content":{"rendered":"<p>La Place d\u2019Espagne est certainement l\u2019une des places de Rome les plus c\u00e9l\u00e8bres au monde. Elle prend son nom du palais d\u2019Espagne, si\u00e8ge de l\u2019ambassade de l\u2019\u00c9tat ib\u00e9rique pr\u00e8s le Saint-Si\u00e8ge.<\/p>\n<p>Au centre de la place tr\u00f4ne la c\u00e9l\u00e8bre fontaine Barcaccia, sculpt\u00e9e par Pietro Bernini et son fils Gian Lorenzo.<\/p>\n<p>Aux pieds de la colline duPincio, la Place d\u2019Espagne repr\u00e9sente depuis toujours le centre de la vie culturelle et touristique de Rome, et ce n\u2019est pas un hasard si de nombreuses griffes de la haute couture ont choisi d\u2019ouvrir leurs boutiques juste \u00e0 cet endroit.<\/p>\n<p>La place est domin\u00e9e par l\u2019\u00c9glise de la Trinit\u00e9-des-Monts et reli\u00e9e par le c\u00e9l\u00e8bre Escalier homonyme, r\u00e9alis\u00e9 entre 1723 et 1726 sur un projet de l\u2019architecte romain Francesco De Sanctis.<\/p>\n<p>La Place d\u2019Espagne, l\u2019Escalier et l\u2019\u00c9glise de la Trinit\u00e9-des-Monts forment un cadre unique au monde, une carte postale symbole de la ville de Rome. \u00c9l\u00e9gante et suggestive, la place est caract\u00e9ris\u00e9e par une atmosph\u00e8re raffin\u00e9e, de style XVIIIe si\u00e8cle, et repr\u00e9sente un patrimoine culturel d\u2019une valeur inestimable.<\/p>\n","protected":false},"excerpt":{"rendered":"<p>La Place d\u2019Espagne est certainement l\u2019une des places de Rome les plus c\u00e9l\u00e8bres au monde. Elle prend son nom du palais d\u2019Espagne, si\u00e8ge de l\u2019ambassade de l\u2019\u00c9tat ib\u00e9rique pr\u00e8s le Saint-Si\u00e8ge. Au centre de la place tr\u00f4ne la c\u00e9l\u00e8bre fontaine Barcaccia, sculpt\u00e9e par Pietro Bernini et son fils Gian Lorenzo. Aux pieds de la colline &hellip; <a href=\"https:\/\/www.twentyonerome.com\/fr\/la-citta\/trinita-dei-monti-e-la-scalinata-di-piazza-di-spagna\/\" class=\"more-link\">Continue reading<span class=\"screen-reader-text\"> \u00ab\u00a0La Place d\u2019Espagne et la Trinit\u00e9 des Monts\u00a0\u00bb<\/span><\/a><\/p>\n","protected":false},"author":1,"featured_media":614,"parent":1139,"menu_order":3,"comment_status":"closed","ping_status":"closed","template":"","meta":{"footnotes":""},"acf":[],"_links":{"self":[{"href":"https:\/\/www.twentyonerome.com\/fr\/wp-json\/wp\/v2\/pages\/1110"}],"collection":[{"href":"https:\/\/www.twentyonerome.com\/fr\/wp-json\/wp\/v2\/pages"}],"about":[{"href":"https:\/\/www.twentyonerome.com\/fr\/wp-json\/wp\/v2\/types\/page"}],"author":[{"embeddable":true,"href":"https:\/\/www.twentyonerome.com\/fr\/wp-json\/wp\/v2\/users\/1"}],"replies":[{"embeddable":true,"href":"https:\/\/www.twentyonerome.com\/fr\/wp-json\/wp\/v2\/comments?post=1110"}],"version-history":[{"count":2,"href":"https:\/\/www.twentyonerome.com\/fr\/wp-json\/wp\/v2\/pages\/1110\/revisions"}],"predecessor-version":[{"id":1732,"href":"https:\/\/www.twentyonerome.com\/fr\/wp-json\/wp\/v2\/pages\/1110\/revisions\/1732"}],"up":[{"embeddable":true,"href":"https:\/\/www.twentyonerome.com\/fr\/wp-json\/wp\/v2\/pages\/1139"}],"wp:featuredmedia":[{"embeddable":true,"href":"https:\/\/www.twentyonerome.com\/fr\/wp-json\/wp\/v2\/media\/614"}],"wp:attachment":[{"href":"https:\/\/www.twentyonerome.com\/fr\/wp-json\/wp\/v2\/media?parent=1110"}],"curies":[{"name":"wp","href":"https:\/\/api.w.org\/{rel}","templated":true}]}}