{"id":1139,"date":"2017-03-08T02:11:19","date_gmt":"2017-03-08T01:11:19","guid":{"rendered":"https:\/\/www.twentyonerome.com\/la-citta\/"},"modified":"2017-04-07T00:33:04","modified_gmt":"2017-04-06T22:33:04","slug":"la-citta","status":"publish","type":"page","link":"https:\/\/www.twentyonerome.com\/fr\/la-citta\/","title":{"rendered":"D\u00e9couvrez Rome"},"content":{"rendered":"<p>Romeest un \u00e9crin, un v\u00e9ritable mus\u00e9e \u00e0 ciel ouvert, une ville o\u00f9 se m\u00ealent art et histoire \u00e0 chaque coin de rue. Visiter Rome, c\u2019est toujours une exp\u00e9rience suggestive et pleine de charme\u00a0; se promener parmi ses monuments et ses richesses artistiques, c\u2019est \u00e9mouvant, exceptionnel et inoubliable.<\/p>\n<p>La position strat\u00e9gique de l\u2019h\u00f4telTwenty One vous permet de visiter ais\u00e9ment les lieux les plus importants et de rejoindre rapidement les mus\u00e9es ou autre \u00e9tablissement.<\/p>\n<p>En effet, notre h\u00f4tel se trouve dans le quartier Prati, entre le Vatican et la place du Peuple, \u00e0 400 m\u00e8tres seulement de la station de m\u00e9tro Lepanto. La position et le confort offerts font de cet h\u00f4tel le choix id\u00e9al pour des s\u00e9jours inoubliables.<\/p>\n<p>Les itin\u00e9raires d\u2019art, de culture, d\u2019histoire et de tradition les plus renomm\u00e9s sont ais\u00e9ment accessibles \u00e0 partir de cet h\u00f4tel-boutique exclusif, situ\u00e9 \u00e0 mi-chemin entre les Mus\u00e9es du Vatican et l\u2019Escalier de la place d\u2019Espagne. Cet h\u00f4tel 4 \u00e9toiles, qui se distingue par son style moderne et sophistiqu\u00e9 et par le soin des d\u00e9tails, est la destination id\u00e9ale aussi bien pour des vacances agr\u00e9ables que pour des voyages d\u2019affaires<\/p>\n","protected":false},"excerpt":{"rendered":"<p>Romeest un \u00e9crin, un v\u00e9ritable mus\u00e9e \u00e0 ciel ouvert, une ville o\u00f9 se m\u00ealent art et histoire \u00e0 chaque coin de rue. Visiter Rome, c\u2019est toujours une exp\u00e9rience suggestive et pleine de charme\u00a0; se promener parmi ses monuments et ses richesses artistiques, c\u2019est \u00e9mouvant, exceptionnel et inoubliable. La position strat\u00e9gique de l\u2019h\u00f4telTwenty One vous permet &hellip; <a href=\"https:\/\/www.twentyonerome.com\/fr\/la-citta\/\" class=\"more-link\">Continue reading<span class=\"screen-reader-text\"> \u00ab\u00a0D\u00e9couvrez Rome\u00a0\u00bb<\/span><\/a><\/p>\n","protected":false},"author":1,"featured_media":0,"parent":0,"menu_order":0,"comment_status":"closed","ping_status":"closed","template":"page-template\/page-list.php","meta":{"footnotes":""},"acf":[],"_links":{"self":[{"href":"https:\/\/www.twentyonerome.com\/fr\/wp-json\/wp\/v2\/pages\/1139"}],"collection":[{"href":"https:\/\/www.twentyonerome.com\/fr\/wp-json\/wp\/v2\/pages"}],"about":[{"href":"https:\/\/www.twentyonerome.com\/fr\/wp-json\/wp\/v2\/types\/page"}],"author":[{"embeddable":true,"href":"https:\/\/www.twentyonerome.com\/fr\/wp-json\/wp\/v2\/users\/1"}],"replies":[{"embeddable":true,"href":"https:\/\/www.twentyonerome.com\/fr\/wp-json\/wp\/v2\/comments?post=1139"}],"version-history":[{"count":3,"href":"https:\/\/www.twentyonerome.com\/fr\/wp-json\/wp\/v2\/pages\/1139\/revisions"}],"predecessor-version":[{"id":1727,"href":"https:\/\/www.twentyonerome.com\/fr\/wp-json\/wp\/v2\/pages\/1139\/revisions\/1727"}],"wp:attachment":[{"href":"https:\/\/www.twentyonerome.com\/fr\/wp-json\/wp\/v2\/media?parent=1139"}],"curies":[{"name":"wp","href":"https:\/\/api.w.org\/{rel}","templated":true}]}}