{"id":1295,"date":"2017-02-14T00:50:51","date_gmt":"2017-02-13T23:50:51","guid":{"rendered":"https:\/\/www.twentyonerome.com\/camere\/junior-suite\/"},"modified":"2017-04-07T00:23:10","modified_gmt":"2017-04-06T22:23:10","slug":"junior-suite","status":"publish","type":"page","link":"https:\/\/www.twentyonerome.com\/fr\/camere\/junior-suite\/","title":{"rendered":"Junior Suite"},"content":{"rendered":"<p>Les Junior Suites sont spacieuses et confortables, avec un Jacuzzi dans la chambre et lit rond, et sont \u00e9quip\u00e9es de services, douche, peignoir et chaussons.<\/p>\n<p>Les chambres sont \u00e9l\u00e9gantes et soign\u00e9es dans les moindres d\u00e9tails. Elles sont confortables et \u00e9quip\u00e9es de tout le confort, mobilier design sur mesure, TV LCD avec cha\u00eenes satellite, cristallerie, coffre-fort, acc\u00e8s internet gratuit via wifi ou c\u00e2ble LAN, minibar, t\u00e9l\u00e9phone et air conditionn\u00e9<\/p>\n<p><a class=\"button-style4\" href=\"https:\/\/bol.figarohdt.com\/reservation_hotel_start.htm?id_stile=12809&amp;tst_prntz=si&amp;headvar=ok&amp;lingua_int=fra&amp;id_albergo=16290&amp;dc=9447\" target=\"_blank\">V\u00e9rifiez la disponibilit\u00e9 et r\u00e9servez<\/a><\/p>\n","protected":false},"excerpt":{"rendered":"<p>Les Junior Suites sont spacieuses et confortables, avec un Jacuzzi dans la chambre et lit rond, et sont \u00e9quip\u00e9es de services, douche, peignoir et chaussons. Les chambres sont \u00e9l\u00e9gantes et soign\u00e9es dans les moindres d\u00e9tails. Elles sont confortables et \u00e9quip\u00e9es de tout le confort, mobilier design sur mesure, TV LCD avec cha\u00eenes satellite, cristallerie, coffre-fort, &hellip; <a href=\"https:\/\/www.twentyonerome.com\/fr\/camere\/junior-suite\/\" class=\"more-link\">Continue reading<span class=\"screen-reader-text\"> \u00ab\u00a0Junior Suite\u00a0\u00bb<\/span><\/a><\/p>\n","protected":false},"author":1,"featured_media":811,"parent":1248,"menu_order":2,"comment_status":"closed","ping_status":"closed","template":"page-template\/single-page.php","meta":{"footnotes":""},"acf":[],"_links":{"self":[{"href":"https:\/\/www.twentyonerome.com\/fr\/wp-json\/wp\/v2\/pages\/1295"}],"collection":[{"href":"https:\/\/www.twentyonerome.com\/fr\/wp-json\/wp\/v2\/pages"}],"about":[{"href":"https:\/\/www.twentyonerome.com\/fr\/wp-json\/wp\/v2\/types\/page"}],"author":[{"embeddable":true,"href":"https:\/\/www.twentyonerome.com\/fr\/wp-json\/wp\/v2\/users\/1"}],"replies":[{"embeddable":true,"href":"https:\/\/www.twentyonerome.com\/fr\/wp-json\/wp\/v2\/comments?post=1295"}],"version-history":[{"count":3,"href":"https:\/\/www.twentyonerome.com\/fr\/wp-json\/wp\/v2\/pages\/1295\/revisions"}],"predecessor-version":[{"id":1714,"href":"https:\/\/www.twentyonerome.com\/fr\/wp-json\/wp\/v2\/pages\/1295\/revisions\/1714"}],"up":[{"embeddable":true,"href":"https:\/\/www.twentyonerome.com\/fr\/wp-json\/wp\/v2\/pages\/1248"}],"wp:featuredmedia":[{"embeddable":true,"href":"https:\/\/www.twentyonerome.com\/fr\/wp-json\/wp\/v2\/media\/811"}],"wp:attachment":[{"href":"https:\/\/www.twentyonerome.com\/fr\/wp-json\/wp\/v2\/media?parent=1295"}],"curies":[{"name":"wp","href":"https:\/\/api.w.org\/{rel}","templated":true}]}}