{"id":1335,"date":"2017-02-14T00:47:00","date_gmt":"2017-02-13T23:47:00","guid":{"rendered":"https:\/\/www.twentyonerome.com\/camere\/tripla\/"},"modified":"2017-04-07T00:25:45","modified_gmt":"2017-04-06T22:25:45","slug":"triple","status":"publish","type":"page","link":"https:\/\/www.twentyonerome.com\/fr\/camere\/triple\/","title":{"rendered":"Triple"},"content":{"rendered":"<p>Chambre standard avec un lit double et un lit simple, ou sur demande trois lits simples.<\/p>\n<p>Les chambres sont \u00e9l\u00e9gantes et soign\u00e9es dans les moindres d\u00e9tails. Elles sont confortables et \u00e9quip\u00e9es de tout le confort, mobilier design sur mesure, TV LCD avec cha\u00eenes satellite, cristallerie, coffre-fort, acc\u00e8s internet gratuit via wifi ou c\u00e2ble LAN, minibar, t\u00e9l\u00e9phone et air conditionn\u00e9.<\/p>\n<p><a class=\"button-style4\" href=\"https:\/\/bol.figarohdt.com\/reservation_hotel_start.htm?id_stile=12809&amp;tst_prntz=si&amp;headvar=ok&amp;lingua_int=fra&amp;id_albergo=16290&amp;dc=9447\" target=\"_blank\">V\u00e9rifiez la disponibilit\u00e9 et r\u00e9servez<\/a><\/p>\n","protected":false},"excerpt":{"rendered":"<p>Chambre standard avec un lit double et un lit simple, ou sur demande trois lits simples. Les chambres sont \u00e9l\u00e9gantes et soign\u00e9es dans les moindres d\u00e9tails. Elles sont confortables et \u00e9quip\u00e9es de tout le confort, mobilier design sur mesure, TV LCD avec cha\u00eenes satellite, cristallerie, coffre-fort, acc\u00e8s internet gratuit via wifi ou c\u00e2ble LAN, minibar, &hellip; <a href=\"https:\/\/www.twentyonerome.com\/fr\/camere\/triple\/\" class=\"more-link\">Continue reading<span class=\"screen-reader-text\"> \u00ab\u00a0Triple\u00a0\u00bb<\/span><\/a><\/p>\n","protected":false},"author":1,"featured_media":823,"parent":1248,"menu_order":6,"comment_status":"closed","ping_status":"closed","template":"page-template\/single-page.php","meta":{"footnotes":""},"acf":[],"_links":{"self":[{"href":"https:\/\/www.twentyonerome.com\/fr\/wp-json\/wp\/v2\/pages\/1335"}],"collection":[{"href":"https:\/\/www.twentyonerome.com\/fr\/wp-json\/wp\/v2\/pages"}],"about":[{"href":"https:\/\/www.twentyonerome.com\/fr\/wp-json\/wp\/v2\/types\/page"}],"author":[{"embeddable":true,"href":"https:\/\/www.twentyonerome.com\/fr\/wp-json\/wp\/v2\/users\/1"}],"replies":[{"embeddable":true,"href":"https:\/\/www.twentyonerome.com\/fr\/wp-json\/wp\/v2\/comments?post=1335"}],"version-history":[{"count":4,"href":"https:\/\/www.twentyonerome.com\/fr\/wp-json\/wp\/v2\/pages\/1335\/revisions"}],"predecessor-version":[{"id":1720,"href":"https:\/\/www.twentyonerome.com\/fr\/wp-json\/wp\/v2\/pages\/1335\/revisions\/1720"}],"up":[{"embeddable":true,"href":"https:\/\/www.twentyonerome.com\/fr\/wp-json\/wp\/v2\/pages\/1248"}],"wp:featuredmedia":[{"embeddable":true,"href":"https:\/\/www.twentyonerome.com\/fr\/wp-json\/wp\/v2\/media\/823"}],"wp:attachment":[{"href":"https:\/\/www.twentyonerome.com\/fr\/wp-json\/wp\/v2\/media?parent=1335"}],"curies":[{"name":"wp","href":"https:\/\/api.w.org\/{rel}","templated":true}]}}