{"id":915,"date":"2016-11-23T11:53:09","date_gmt":"2016-11-23T10:53:09","guid":{"rendered":"https:\/\/www.twentyonerome.com\/pagina-di-esempio\/"},"modified":"2017-04-07T02:34:41","modified_gmt":"2017-04-07T00:34:41","slug":"pagina-di-esempio","status":"publish","type":"page","link":"https:\/\/www.twentyonerome.com\/fr\/","title":{"rendered":"Twentyone, H\u00f4tel 4 \u00c9toiles \u00c0 Rome"},"content":{"rendered":"<h2 class=\"style2\">Une exp\u00e9rience inoubliable dans le c\u0153ur de Rome.<\/h2>\n<p>LeTwenty One est un h\u00f4tel 4 \u00e9toiles moderne, en pleinc\u0153ur de Rome, lieu id\u00e9al pour un s\u00e9jour inoubliable dans la Ville \u00c9ternelle.<\/p>\n<p>Situ\u00e9 dans l\u2019un des quartiers les plus recherch\u00e9s de la capitale, notre h\u00f4telse distingue par son style moderne et sophistiqu\u00e9, ses salles accueillantes et confortables et son atmosph\u00e8re familiale.LeTwenty OneHotel dispose de 93 chambres soign\u00e9es dans les moindres d\u00e9tails et dot\u00e9es de tous les \u00e9quipements permettant de satisfaire chacune de vos exigences.<\/p>\n<p>\u00c0 deux pas de Saint-Pierre, avec une vue magnifique sur la terrasse duPincio et sur la coupole de Saint-Pierre, notre h\u00f4tel 4 \u00e9toiles jouit d\u2019une position strat\u00e9gique quivous permet de rejoindre ais\u00e9ment tous les lieux d\u2019int\u00e9r\u00eat. \u00c0 partir de l\u2019h\u00f4telTwenty One vous pourrez ais\u00e9ment visiter \u00e0 pieds les c\u00e9l\u00e8bres merveilles de Rome, des Mus\u00e9es du Vatican \u00e0 la place d\u2019Espagne, \u00e0 la place Navona, jusqu\u2019\u00e0 la Fontaine de Trevi, en suivant des itin\u00e9raires exceptionnels o\u00f9 se m\u00ealentart,histoire et culture. La station de m\u00e9tro toute proche vous permettra \u00e9galement de vous d\u00e9placer ais\u00e9ment et d\u2019arriver en un rien de temps dans les rues commer\u00e7antes les plus chics de la capitale, pour un shopping exclusif.<\/p>\n<p>Quel que soit le motif de votre voyage,leTwenty OneHotel est le choix id\u00e9al pour vos voyages d\u2019affaires ou pour un s\u00e9jour de vacances sous le signe de la d\u00e9tente.<\/p>\n","protected":false},"excerpt":{"rendered":"<p>Une exp\u00e9rience inoubliable dans le c\u0153ur de Rome. LeTwenty One est un h\u00f4tel 4 \u00e9toiles moderne, en pleinc\u0153ur de Rome, lieu id\u00e9al pour un s\u00e9jour inoubliable dans la Ville \u00c9ternelle. Situ\u00e9 dans l\u2019un des quartiers les plus recherch\u00e9s de la capitale, notre h\u00f4telse distingue par son style moderne et sophistiqu\u00e9, ses salles accueillantes et confortables &hellip; <a href=\"https:\/\/www.twentyonerome.com\/fr\/\" class=\"more-link\">Continue reading<span class=\"screen-reader-text\"> \u00ab\u00a0Twentyone, H\u00f4tel 4 \u00c9toiles \u00c0 Rome\u00a0\u00bb<\/span><\/a><\/p>\n","protected":false},"author":1,"featured_media":0,"parent":0,"menu_order":0,"comment_status":"closed","ping_status":"open","template":"page-template\/home.php","meta":{"footnotes":""},"acf":[],"_links":{"self":[{"href":"https:\/\/www.twentyonerome.com\/fr\/wp-json\/wp\/v2\/pages\/915"}],"collection":[{"href":"https:\/\/www.twentyonerome.com\/fr\/wp-json\/wp\/v2\/pages"}],"about":[{"href":"https:\/\/www.twentyonerome.com\/fr\/wp-json\/wp\/v2\/types\/page"}],"author":[{"embeddable":true,"href":"https:\/\/www.twentyonerome.com\/fr\/wp-json\/wp\/v2\/users\/1"}],"replies":[{"embeddable":true,"href":"https:\/\/www.twentyonerome.com\/fr\/wp-json\/wp\/v2\/comments?post=915"}],"version-history":[{"count":3,"href":"https:\/\/www.twentyonerome.com\/fr\/wp-json\/wp\/v2\/pages\/915\/revisions"}],"predecessor-version":[{"id":1785,"href":"https:\/\/www.twentyonerome.com\/fr\/wp-json\/wp\/v2\/pages\/915\/revisions\/1785"}],"wp:attachment":[{"href":"https:\/\/www.twentyonerome.com\/fr\/wp-json\/wp\/v2\/media?parent=915"}],"curies":[{"name":"wp","href":"https:\/\/api.w.org\/{rel}","templated":true}]}}